{"id":539,"date":"2013-08-06T22:22:02","date_gmt":"2013-08-06T20:22:02","guid":{"rendered":"http:\/\/hauderer.de\/wordpress\/?page_id=539"},"modified":"2019-04-26T19:07:06","modified_gmt":"2019-04-26T17:07:06","slug":"kontakt-impressum","status":"publish","type":"page","link":"https:\/\/hauderer.de\/wordpress\/kontakt-impressum\/","title":{"rendered":"Kontakt &#8211; Impressum"},"content":{"rendered":"<h2>&#8222;Die Hauderer&#8220; Arbeitskreis bildnerisch Schaffender auf dem Hunsr\u00fcck&#8220; e.V.<\/h2>\n<h5>Gesch\u00e4ftsf\u00fchrender 1. Vorsitzender: Karl Kaul<br \/>\nIm Schneeb\u00e4cker 8<br \/>\n55471 Keidelheim<br \/>\nTel.: 06761-2947<\/h5>\n<h5>e-Mail: mailto:<a href=\"mailto:harald.kosub@gmx.de\" target=\"_self\">info@karlkaul.de<\/a><\/h5>\n<h2>Webmaster: Karl Kaul<\/h2>\n<h5>Karl Kaul<br \/>\nIm Schneeb\u00e4cker 8<br \/>\n55471 Keidelheim<br \/>\nTel: +49 6761 2947<br \/>\ne-Mail: info@karlkaul.de<\/h5>\n<h5><\/h5>\n","protected":false},"excerpt":{"rendered":"<p>&#8222;Die Hauderer&#8220; Arbeitskreis bildnerisch Schaffender auf dem Hunsr\u00fcck&#8220; e.V. Gesch\u00e4ftsf\u00fchrender 1. Vorsitzender: Karl Kaul Im Schneeb\u00e4cker 8 55471 Keidelheim Tel.: 06761-2947 e-Mail: mailto:info@karlkaul.de Webmaster: Karl Kaul Karl Kaul Im Schneeb\u00e4cker 8 55471 Keidelheim Tel: +49 6761 2947 e-Mail: info@karlkaul.de<\/p>\n","protected":false},"author":1,"featured_media":0,"parent":0,"menu_order":0,"comment_status":"open","ping_status":"open","template":"","meta":{"_crdt_document":"","footnotes":""},"class_list":["post-539","page","type-page","status-publish","hentry"],"yoast_head":"<!-- This site is optimized with the Yoast SEO plugin v27.3 - https:\/\/yoast.com\/product\/yoast-seo-wordpress\/ -->\n<title>Kontakt - Impressum &#8211; Der Hauderer-Blog<\/title>\n<meta name=\"robots\" content=\"index, follow, max-snippet:-1, max-image-preview:large, max-video-preview:-1\" \/>\n<link rel=\"canonical\" href=\"https:\/\/hauderer.de\/wordpress\/kontakt-impressum\/\" \/>\n<meta property=\"og:locale\" content=\"de_DE\" \/>\n<meta property=\"og:type\" content=\"article\" \/>\n<meta property=\"og:title\" content=\"Kontakt - Impressum &#8211; Der Hauderer-Blog\" \/>\n<meta property=\"og:description\" content=\"&#8222;Die Hauderer&#8220; Arbeitskreis bildnerisch Schaffender auf dem Hunsr\u00fcck&#8220; e.V. Gesch\u00e4ftsf\u00fchrender 1. Vorsitzender: Karl Kaul Im Schneeb\u00e4cker 8 55471 Keidelheim Tel.: 06761-2947 e-Mail: mailto:info@karlkaul.de Webmaster: Karl Kaul Karl Kaul Im Schneeb\u00e4cker 8 55471 Keidelheim Tel: +49 6761 2947 e-Mail: info@karlkaul.de\" \/>\n<meta property=\"og:url\" content=\"https:\/\/hauderer.de\/wordpress\/kontakt-impressum\/\" \/>\n<meta property=\"og:site_name\" content=\"Der Hauderer-Blog\" \/>\n<meta property=\"article:publisher\" content=\"https:\/\/www.facebook.com\/DieHauderer\" \/>\n<meta property=\"article:modified_time\" content=\"2019-04-26T17:07:06+00:00\" \/>\n<script type=\"application\/ld+json\" class=\"yoast-schema-graph\">{\"@context\":\"https:\\\/\\\/schema.org\",\"@graph\":[{\"@type\":\"WebPage\",\"@id\":\"https:\\\/\\\/hauderer.de\\\/wordpress\\\/kontakt-impressum\\\/\",\"url\":\"https:\\\/\\\/hauderer.de\\\/wordpress\\\/kontakt-impressum\\\/\",\"name\":\"Kontakt - Impressum &#8211; Der Hauderer-Blog\",\"isPartOf\":{\"@id\":\"https:\\\/\\\/hauderer.de\\\/wordpress\\\/#website\"},\"datePublished\":\"2013-08-06T20:22:02+00:00\",\"dateModified\":\"2019-04-26T17:07:06+00:00\",\"breadcrumb\":{\"@id\":\"https:\\\/\\\/hauderer.de\\\/wordpress\\\/kontakt-impressum\\\/#breadcrumb\"},\"inLanguage\":\"de\",\"potentialAction\":[{\"@type\":\"ReadAction\",\"target\":[\"https:\\\/\\\/hauderer.de\\\/wordpress\\\/kontakt-impressum\\\/\"]}]},{\"@type\":\"BreadcrumbList\",\"@id\":\"https:\\\/\\\/hauderer.de\\\/wordpress\\\/kontakt-impressum\\\/#breadcrumb\",\"itemListElement\":[{\"@type\":\"ListItem\",\"position\":1,\"name\":\"Startseite\",\"item\":\"https:\\\/\\\/hauderer.de\\\/wordpress\\\/\"},{\"@type\":\"ListItem\",\"position\":2,\"name\":\"Kontakt &#8211; Impressum\"}]},{\"@type\":\"WebSite\",\"@id\":\"https:\\\/\\\/hauderer.de\\\/wordpress\\\/#website\",\"url\":\"https:\\\/\\\/hauderer.de\\\/wordpress\\\/\",\"name\":\"Der Hauderer-Blog\",\"description\":\"Ein Forum f\u00fcr Mitglieder und Besucher\",\"publisher\":{\"@id\":\"https:\\\/\\\/hauderer.de\\\/wordpress\\\/#organization\"},\"potentialAction\":[{\"@type\":\"SearchAction\",\"target\":{\"@type\":\"EntryPoint\",\"urlTemplate\":\"https:\\\/\\\/hauderer.de\\\/wordpress\\\/?s={search_term_string}\"},\"query-input\":{\"@type\":\"PropertyValueSpecification\",\"valueRequired\":true,\"valueName\":\"search_term_string\"}}],\"inLanguage\":\"de\"},{\"@type\":\"Organization\",\"@id\":\"https:\\\/\\\/hauderer.de\\\/wordpress\\\/#organization\",\"name\":\"Die Hauderer\",\"url\":\"https:\\\/\\\/hauderer.de\\\/wordpress\\\/\",\"logo\":{\"@type\":\"ImageObject\",\"inLanguage\":\"de\",\"@id\":\"https:\\\/\\\/hauderer.de\\\/wordpress\\\/#\\\/schema\\\/logo\\\/image\\\/\",\"url\":\"https:\\\/\\\/hauderer.de\\\/wordpress\\\/wp-content\\\/uploads\\\/2020\\\/08\\\/Hauderer-kpl-oR-final.jpg\",\"contentUrl\":\"https:\\\/\\\/hauderer.de\\\/wordpress\\\/wp-content\\\/uploads\\\/2020\\\/08\\\/Hauderer-kpl-oR-final.jpg\",\"width\":2362,\"height\":1697,\"caption\":\"Die Hauderer\"},\"image\":{\"@id\":\"https:\\\/\\\/hauderer.de\\\/wordpress\\\/#\\\/schema\\\/logo\\\/image\\\/\"},\"sameAs\":[\"https:\\\/\\\/www.facebook.com\\\/DieHauderer\",\"https:\\\/\\\/www.instagram.com\\\/die.hauderer\\\/\"]}]}<\/script>\n<!-- \/ Yoast SEO plugin. -->","yoast_head_json":{"title":"Kontakt - Impressum &#8211; Der Hauderer-Blog","robots":{"index":"index","follow":"follow","max-snippet":"max-snippet:-1","max-image-preview":"max-image-preview:large","max-video-preview":"max-video-preview:-1"},"canonical":"https:\/\/hauderer.de\/wordpress\/kontakt-impressum\/","og_locale":"de_DE","og_type":"article","og_title":"Kontakt - Impressum &#8211; Der Hauderer-Blog","og_description":"&#8222;Die Hauderer&#8220; Arbeitskreis bildnerisch Schaffender auf dem Hunsr\u00fcck&#8220; e.V. Gesch\u00e4ftsf\u00fchrender 1. Vorsitzender: Karl Kaul Im Schneeb\u00e4cker 8 55471 Keidelheim Tel.: 06761-2947 e-Mail: mailto:info@karlkaul.de Webmaster: Karl Kaul Karl Kaul Im Schneeb\u00e4cker 8 55471 Keidelheim Tel: +49 6761 2947 e-Mail: info@karlkaul.de","og_url":"https:\/\/hauderer.de\/wordpress\/kontakt-impressum\/","og_site_name":"Der Hauderer-Blog","article_publisher":"https:\/\/www.facebook.com\/DieHauderer","article_modified_time":"2019-04-26T17:07:06+00:00","schema":{"@context":"https:\/\/schema.org","@graph":[{"@type":"WebPage","@id":"https:\/\/hauderer.de\/wordpress\/kontakt-impressum\/","url":"https:\/\/hauderer.de\/wordpress\/kontakt-impressum\/","name":"Kontakt - Impressum &#8211; Der Hauderer-Blog","isPartOf":{"@id":"https:\/\/hauderer.de\/wordpress\/#website"},"datePublished":"2013-08-06T20:22:02+00:00","dateModified":"2019-04-26T17:07:06+00:00","breadcrumb":{"@id":"https:\/\/hauderer.de\/wordpress\/kontakt-impressum\/#breadcrumb"},"inLanguage":"de","potentialAction":[{"@type":"ReadAction","target":["https:\/\/hauderer.de\/wordpress\/kontakt-impressum\/"]}]},{"@type":"BreadcrumbList","@id":"https:\/\/hauderer.de\/wordpress\/kontakt-impressum\/#breadcrumb","itemListElement":[{"@type":"ListItem","position":1,"name":"Startseite","item":"https:\/\/hauderer.de\/wordpress\/"},{"@type":"ListItem","position":2,"name":"Kontakt &#8211; Impressum"}]},{"@type":"WebSite","@id":"https:\/\/hauderer.de\/wordpress\/#website","url":"https:\/\/hauderer.de\/wordpress\/","name":"Der Hauderer-Blog","description":"Ein Forum f\u00fcr Mitglieder und Besucher","publisher":{"@id":"https:\/\/hauderer.de\/wordpress\/#organization"},"potentialAction":[{"@type":"SearchAction","target":{"@type":"EntryPoint","urlTemplate":"https:\/\/hauderer.de\/wordpress\/?s={search_term_string}"},"query-input":{"@type":"PropertyValueSpecification","valueRequired":true,"valueName":"search_term_string"}}],"inLanguage":"de"},{"@type":"Organization","@id":"https:\/\/hauderer.de\/wordpress\/#organization","name":"Die Hauderer","url":"https:\/\/hauderer.de\/wordpress\/","logo":{"@type":"ImageObject","inLanguage":"de","@id":"https:\/\/hauderer.de\/wordpress\/#\/schema\/logo\/image\/","url":"https:\/\/hauderer.de\/wordpress\/wp-content\/uploads\/2020\/08\/Hauderer-kpl-oR-final.jpg","contentUrl":"https:\/\/hauderer.de\/wordpress\/wp-content\/uploads\/2020\/08\/Hauderer-kpl-oR-final.jpg","width":2362,"height":1697,"caption":"Die Hauderer"},"image":{"@id":"https:\/\/hauderer.de\/wordpress\/#\/schema\/logo\/image\/"},"sameAs":["https:\/\/www.facebook.com\/DieHauderer","https:\/\/www.instagram.com\/die.hauderer\/"]}]}},"_links":{"self":[{"href":"https:\/\/hauderer.de\/wordpress\/wp-json\/wp\/v2\/pages\/539","targetHints":{"allow":["GET"]}}],"collection":[{"href":"https:\/\/hauderer.de\/wordpress\/wp-json\/wp\/v2\/pages"}],"about":[{"href":"https:\/\/hauderer.de\/wordpress\/wp-json\/wp\/v2\/types\/page"}],"author":[{"embeddable":true,"href":"https:\/\/hauderer.de\/wordpress\/wp-json\/wp\/v2\/users\/1"}],"replies":[{"embeddable":true,"href":"https:\/\/hauderer.de\/wordpress\/wp-json\/wp\/v2\/comments?post=539"}],"version-history":[{"count":4,"href":"https:\/\/hauderer.de\/wordpress\/wp-json\/wp\/v2\/pages\/539\/revisions"}],"predecessor-version":[{"id":1839,"href":"https:\/\/hauderer.de\/wordpress\/wp-json\/wp\/v2\/pages\/539\/revisions\/1839"}],"wp:attachment":[{"href":"https:\/\/hauderer.de\/wordpress\/wp-json\/wp\/v2\/media?parent=539"}],"curies":[{"name":"wp","href":"https:\/\/api.w.org\/{rel}","templated":true}]}}